{"id":536,"date":"2023-03-08T11:19:01","date_gmt":"2023-03-08T09:19:01","guid":{"rendered":"https:\/\/ddrnv.rasia.xyz\/index.php\/services\/"},"modified":"2024-03-19T12:58:43","modified_gmt":"2024-03-19T10:58:43","slug":"mukaan","status":"publish","type":"page","link":"https:\/\/ddrnv.org\/index.php\/mukaan\/","title":{"rendered":"Mukaan"},"content":{"rendered":"\t\t<div data-elementor-type=\"wp-page\" data-elementor-id=\"536\" class=\"elementor elementor-536\">\n\t\t\t\t\t\t\t\t\t<section class=\"elementor-section elementor-top-section elementor-element elementor-element-7ee9dcd elementor-section-full_width elementor-section-height-default elementor-section-height-default\" data-id=\"7ee9dcd\" data-element_type=\"section\">\n\t\t\t\t\t\t<div class=\"elementor-container elementor-column-gap-no\">\n\t\t\t\t\t<div class=\"elementor-column elementor-col-100 elementor-top-column elementor-element elementor-element-814fc11\" data-id=\"814fc11\" data-element_type=\"column\">\n\t\t\t<div class=\"elementor-widget-wrap elementor-element-populated\">\n\t\t\t\t\t\t\t\t<section class=\"elementor-section elementor-inner-section elementor-element elementor-element-c8cb5a6 elementor-section-full_width elementor-section-height-default elementor-section-height-default\" data-id=\"c8cb5a6\" data-element_type=\"section\">\n\t\t\t\t\t\t<div class=\"elementor-container elementor-column-gap-no\">\n\t\t\t\t\t<div class=\"elementor-column elementor-col-100 elementor-inner-column elementor-element elementor-element-04f3d49\" data-id=\"04f3d49\" data-element_type=\"column\">\n\t\t\t<div class=\"elementor-widget-wrap elementor-element-populated\">\n\t\t\t\t\t\t\t\t<div class=\"elementor-element elementor-element-7b94fb6 elementor-widget elementor-widget-heading\" data-id=\"7b94fb6\" data-element_type=\"widget\" data-widget_type=\"heading.default\">\n\t\t\t\t<div class=\"elementor-widget-container\">\n\t\t\t<style>\/*! elementor - v3.13.3 - 28-05-2023 *\/\n.elementor-heading-title{padding:0;margin:0;line-height:1}.elementor-widget-heading .elementor-heading-title[class*=elementor-size-]>a{color:inherit;font-size:inherit;line-height:inherit}.elementor-widget-heading .elementor-heading-title.elementor-size-small{font-size:15px}.elementor-widget-heading .elementor-heading-title.elementor-size-medium{font-size:19px}.elementor-widget-heading .elementor-heading-title.elementor-size-large{font-size:29px}.elementor-widget-heading .elementor-heading-title.elementor-size-xl{font-size:39px}.elementor-widget-heading .elementor-heading-title.elementor-size-xxl{font-size:59px}<\/style><h1 class=\"elementor-heading-title elementor-size-default\">Toimintaan mukaan<\/h1>\t\t<\/div>\n\t\t\t\t<\/div>\n\t\t\t\t\t<\/div>\n\t\t<\/div>\n\t\t\t\t\t\t\t<\/div>\n\t\t<\/section>\n\t\t\t\t<section class=\"elementor-section elementor-inner-section elementor-element elementor-element-6153984 elementor-section-full_width elementor-section-height-default elementor-section-height-default\" data-id=\"6153984\" data-element_type=\"section\">\n\t\t\t\t\t\t<div class=\"elementor-container elementor-column-gap-no\">\n\t\t\t\t\t<div class=\"elementor-column elementor-col-50 elementor-inner-column elementor-element elementor-element-31994c2\" data-id=\"31994c2\" data-element_type=\"column\">\n\t\t\t<div class=\"elementor-widget-wrap elementor-element-populated\">\n\t\t\t\t\t\t\t\t<div class=\"elementor-element elementor-element-1b7f749 elementor-widget elementor-widget-heading\" data-id=\"1b7f749\" data-element_type=\"widget\" data-widget_type=\"heading.default\">\n\t\t\t\t<div class=\"elementor-widget-container\">\n\t\t\t<h4 class=\"elementor-heading-title elementor-size-default\">Miten p\u00e4\u00e4sen tutustumaan eli miten p\u00e4\u00e4sen prospektiksi?<\/h4>\t\t<\/div>\n\t\t\t\t<\/div>\n\t\t\t\t\t<\/div>\n\t\t<\/div>\n\t\t\t\t<div class=\"elementor-column elementor-col-50 elementor-inner-column elementor-element elementor-element-67f75a9\" data-id=\"67f75a9\" data-element_type=\"column\">\n\t\t\t<div class=\"elementor-widget-wrap elementor-element-populated\">\n\t\t\t\t\t\t\t\t<div class=\"elementor-element elementor-element-6cd1f40 elementor-widget elementor-widget-text-editor\" data-id=\"6cd1f40\" data-element_type=\"widget\" data-widget_type=\"text-editor.default\">\n\t\t\t\t<div class=\"elementor-widget-container\">\n\t\t\t<style>\/*! elementor - v3.13.3 - 28-05-2023 *\/\n.elementor-widget-text-editor.elementor-drop-cap-view-stacked .elementor-drop-cap{background-color:#69727d;color:#fff}.elementor-widget-text-editor.elementor-drop-cap-view-framed .elementor-drop-cap{color:#69727d;border:3px solid;background-color:transparent}.elementor-widget-text-editor:not(.elementor-drop-cap-view-default) .elementor-drop-cap{margin-top:8px}.elementor-widget-text-editor:not(.elementor-drop-cap-view-default) .elementor-drop-cap-letter{width:1em;height:1em}.elementor-widget-text-editor .elementor-drop-cap{float:left;text-align:center;line-height:1;font-size:50px}.elementor-widget-text-editor .elementor-drop-cap-letter{display:inline-block}<\/style>\t\t\t\t<p>Ennen varsinaista j\u00e4senhakemusta on hyv\u00e4 tutusta meid\u00e4n porukkaan eli hakea prospektiksi. Haluamme, ett\u00e4 jokainen tuleva j\u00e4sen sitoutuu aidosti meid\u00e4n toimintaan, eik\u00e4 vain hae hakemisen ilosta. L\u00e4het\u00e4 lyhyt kertomus itsest\u00e4si osoitteeseen <a href=\"mailto:hallitus@ddrnv.org\">hallitus@ddrnv.org<\/a> Viestiss\u00e4 olisi hyv\u00e4 kertoa ainakin seuraavat asiat:<\/p><ol><li>Kuka olet.<\/li><li>Miksi haluat mukaan toimintaan.<\/li><li>Oletko ennest\u00e4\u00e4n tuttu jollekkin j\u00e4senist\u00e4mme tai onko sinulla suosittelijoita.<\/li><\/ol><p>T\u00e4m\u00e4n j\u00e4lkeen sovimme miten p\u00e4\u00e4set tutustumaan toimintaamme. Viestiss\u00e4 olisi kommunikoinnin helpottamiseksi hyv\u00e4 olla jotkin yhteystiedot esim. Telegram-nickname.<\/p>\t\t\t\t\t\t<\/div>\n\t\t\t\t<\/div>\n\t\t\t\t\t<\/div>\n\t\t<\/div>\n\t\t\t\t\t\t\t<\/div>\n\t\t<\/section>\n\t\t\t\t<section class=\"elementor-section elementor-inner-section elementor-element elementor-element-a35fa9e elementor-section-full_width elementor-section-height-default elementor-section-height-default\" data-id=\"a35fa9e\" data-element_type=\"section\">\n\t\t\t\t\t\t<div class=\"elementor-container elementor-column-gap-no\">\n\t\t\t\t\t<div class=\"elementor-column elementor-col-50 elementor-inner-column elementor-element elementor-element-33f9fae\" data-id=\"33f9fae\" data-element_type=\"column\">\n\t\t\t<div class=\"elementor-widget-wrap elementor-element-populated\">\n\t\t\t\t\t\t\t\t<div class=\"elementor-element elementor-element-d3530c8 elementor-widget elementor-widget-heading\" data-id=\"d3530c8\" data-element_type=\"widget\" data-widget_type=\"heading.default\">\n\t\t\t\t<div class=\"elementor-widget-container\">\n\t\t\t<h4 class=\"elementor-heading-title elementor-size-default\">Mit\u00e4 prospektina olo tarkoittaa?<\/h4>\t\t<\/div>\n\t\t\t\t<\/div>\n\t\t\t\t\t<\/div>\n\t\t<\/div>\n\t\t\t\t<div class=\"elementor-column elementor-col-50 elementor-inner-column elementor-element elementor-element-37eb97a\" data-id=\"37eb97a\" data-element_type=\"column\">\n\t\t\t<div class=\"elementor-widget-wrap elementor-element-populated\">\n\t\t\t\t\t\t\t\t<div class=\"elementor-element elementor-element-03b943c elementor-widget elementor-widget-text-editor\" data-id=\"03b943c\" data-element_type=\"widget\" data-widget_type=\"text-editor.default\">\n\t\t\t\t<div class=\"elementor-widget-container\">\n\t\t\t\t\t\t\t<p>Prospektit p\u00e4\u00e4sev\u00e4t useisiin DDRNV:n j\u00e4seniltoihin mukaan. Saat my\u00f6s oikeuden myyd\u00e4 DDRNV:n haalarimerkkej\u00e4 ja edustaa DDRNV:n nimisiss\u00e4 kyykk\u00e4joukkueissa kunhan yli puolet muista pelaajista on DDRNV:n varsinaisia j\u00e4seni\u00e4. Paitoja saat edustuspeleiss\u00e4 lainata, mutta vasta varsinaiset j\u00e4senet ovat oikeutettuja omaan pelipaitaan.<\/p><p>Odotamme prospekteilta my\u00f6s aktiivisuutta ja osallistumista tapahtumiin. Osoita ett\u00e4 olet kiinnostunut olemaan j\u00e4sen!<\/p>\t\t\t\t\t\t<\/div>\n\t\t\t\t<\/div>\n\t\t\t\t\t<\/div>\n\t\t<\/div>\n\t\t\t\t\t\t\t<\/div>\n\t\t<\/section>\n\t\t\t\t<section class=\"elementor-section elementor-inner-section elementor-element elementor-element-dbc6e9c elementor-section-full_width elementor-section-height-default elementor-section-height-default\" data-id=\"dbc6e9c\" data-element_type=\"section\">\n\t\t\t\t\t\t<div class=\"elementor-container elementor-column-gap-no\">\n\t\t\t\t\t<div class=\"elementor-column elementor-col-50 elementor-inner-column elementor-element elementor-element-504059b\" data-id=\"504059b\" data-element_type=\"column\">\n\t\t\t<div class=\"elementor-widget-wrap elementor-element-populated\">\n\t\t\t\t\t\t\t\t<div class=\"elementor-element elementor-element-02f1a31 elementor-widget elementor-widget-heading\" data-id=\"02f1a31\" data-element_type=\"widget\" data-widget_type=\"heading.default\">\n\t\t\t\t<div class=\"elementor-widget-container\">\n\t\t\t<h4 class=\"elementor-heading-title elementor-size-default\">Miten j\u00e4seneksi?<\/h4>\t\t<\/div>\n\t\t\t\t<\/div>\n\t\t\t\t\t<\/div>\n\t\t<\/div>\n\t\t\t\t<div class=\"elementor-column elementor-col-50 elementor-inner-column elementor-element elementor-element-d3186f0\" data-id=\"d3186f0\" data-element_type=\"column\">\n\t\t\t<div class=\"elementor-widget-wrap elementor-element-populated\">\n\t\t\t\t\t\t\t\t<div class=\"elementor-element elementor-element-5dbdb71 elementor-widget elementor-widget-text-editor\" data-id=\"5dbdb71\" data-element_type=\"widget\" data-widget_type=\"text-editor.default\">\n\t\t\t\t<div class=\"elementor-widget-container\">\n\t\t\t\t\t\t\t<p>J\u00e4senhakemukset tapahtuvat samaan tapaan kuin prospektihakemukset, mutta viestiss\u00e4 olisi hyv\u00e4 my\u00f6s kertoa miksi sinut tulisi valita j\u00e4seneksi. J\u00e4senvalinnat tehd\u00e4\u00e4n yhdistyksen kokouksessa, joten j\u00e4senhakemuksen k\u00e4sittelyss\u00e4 voi kest\u00e4\u00e4 jonkin aikaa. Valinta tehd\u00e4\u00e4n \u00e4\u00e4nest\u00e4m\u00e4ll\u00e4 ja j\u00e4seneksi voidaan valita kunhan v\u00e4hint\u00e4\u00e4n 3\/4 \u00e4\u00e4nest\u00e4jist\u00e4 hyv\u00e4ksyy hakijan j\u00e4seneksi.<\/p><p>Koska pyrimme olemaan tiivis kaveriporukka valintaan vaikuttaa luonnollisesti eniten se tuntevatko muut j\u00e4senet sinut. Siksi olisi t\u00e4rke\u00e4\u00e4 ensin tutustua my\u00f6s meihin. Prospektina olisi hyv\u00e4 olla noin 6-12 kk ja k\u00e4yd\u00e4 muutamassa DDRNV:n omassa tapahtumassa, jotta mahdollisimman moni ehtii tutustumaan sinuun.\u00a0<\/p><p>Meill\u00e4 ei ole vuosimaksua, mutta liittymismaksu on 5 \u20ac.<\/p>\t\t\t\t\t\t<\/div>\n\t\t\t\t<\/div>\n\t\t\t\t\t<\/div>\n\t\t<\/div>\n\t\t\t\t\t\t\t<\/div>\n\t\t<\/section>\n\t\t\t\t<section class=\"elementor-section elementor-inner-section elementor-element elementor-element-484f299 elementor-section-full_width elementor-section-height-default elementor-section-height-default\" data-id=\"484f299\" data-element_type=\"section\">\n\t\t\t\t\t\t<div class=\"elementor-container elementor-column-gap-no\">\n\t\t\t\t\t<div class=\"elementor-column elementor-col-50 elementor-inner-column elementor-element elementor-element-8d1e488\" data-id=\"8d1e488\" data-element_type=\"column\">\n\t\t\t<div class=\"elementor-widget-wrap elementor-element-populated\">\n\t\t\t\t\t\t\t\t<div class=\"elementor-element elementor-element-10b401a elementor-widget elementor-widget-heading\" data-id=\"10b401a\" data-element_type=\"widget\" data-widget_type=\"heading.default\">\n\t\t\t\t<div class=\"elementor-widget-container\">\n\t\t\t<h4 class=\"elementor-heading-title elementor-size-default\">Mit\u00e4 j\u00e4senet saavat?<\/h4>\t\t<\/div>\n\t\t\t\t<\/div>\n\t\t\t\t\t<\/div>\n\t\t<\/div>\n\t\t\t\t<div class=\"elementor-column elementor-col-50 elementor-inner-column elementor-element elementor-element-496573a\" data-id=\"496573a\" data-element_type=\"column\">\n\t\t\t<div class=\"elementor-widget-wrap elementor-element-populated\">\n\t\t\t\t\t\t\t\t<div class=\"elementor-element elementor-element-38cc78c elementor-widget elementor-widget-text-editor\" data-id=\"38cc78c\" data-element_type=\"widget\" data-widget_type=\"text-editor.default\">\n\t\t\t\t<div class=\"elementor-widget-container\">\n\t\t\t\t\t\t\t<p>Noh, eiv\u00e4t juuri paljoa&#8230; J\u00e4senet saavat oikeuden luonnollisesti osallistua DDRNV:n tapahtumiin. Lis\u00e4ksi saat oman pelinumeron sek\u00e4 &#8220;DDRNV-nimen&#8221;, ja olet n\u00e4in oikeutettu my\u00f6s pelipaitaan.\u00a0<\/p>\t\t\t\t\t\t<\/div>\n\t\t\t\t<\/div>\n\t\t\t\t\t<\/div>\n\t\t<\/div>\n\t\t\t\t\t\t\t<\/div>\n\t\t<\/section>\n\t\t\t\t\t<\/div>\n\t\t<\/div>\n\t\t\t\t\t\t\t<\/div>\n\t\t<\/section>\n\t\t\t\t\t\t\t<\/div>\n\t\t","protected":false},"excerpt":{"rendered":"<p>Toimintaan mukaan Miten p\u00e4\u00e4sen tutustumaan eli miten p\u00e4\u00e4sen prospektiksi? Ennen varsinaista j\u00e4senhakemusta on hyv\u00e4 tutusta meid\u00e4n porukkaan eli hakea prospektiksi. Haluamme, ett\u00e4 jokainen tuleva j\u00e4sen sitoutuu aidosti meid\u00e4n toimintaan, eik\u00e4 vain hae hakemisen ilosta. L\u00e4het\u00e4 lyhyt kertomus itsest\u00e4si osoitteeseen hallitus@ddrnv.org Viestiss\u00e4 olisi hyv\u00e4 kertoa ainakin seuraavat asiat: Kuka olet. Miksi haluat mukaan toimintaan. Oletko ennest\u00e4\u00e4n &hellip;<\/p>\n<p class=\"read-more\"> <a class=\"\" href=\"https:\/\/ddrnv.org\/index.php\/mukaan\/\"> <span class=\"screen-reader-text\">Mukaan<\/span> Read More &raquo;<\/a><\/p>\n","protected":false},"author":1,"featured_media":0,"parent":0,"menu_order":0,"comment_status":"closed","ping_status":"closed","template":"","meta":{"site-sidebar-layout":"no-sidebar","site-content-layout":"page-builder","ast-global-header-display":"","ast-banner-title-visibility":"","ast-main-header-display":"","ast-hfb-above-header-display":"","ast-hfb-below-header-display":"","ast-hfb-mobile-header-display":"","site-post-title":"disabled","ast-breadcrumbs-content":"","ast-featured-img":"disabled","footer-sml-layout":"","theme-transparent-header-meta":"enabled","adv-header-id-meta":"","stick-header-meta":"","header-above-stick-meta":"","header-main-stick-meta":"","header-below-stick-meta":"","footnotes":""},"class_list":["post-536","page","type-page","status-publish","hentry"],"_links":{"self":[{"href":"https:\/\/ddrnv.org\/index.php\/wp-json\/wp\/v2\/pages\/536","targetHints":{"allow":["GET"]}}],"collection":[{"href":"https:\/\/ddrnv.org\/index.php\/wp-json\/wp\/v2\/pages"}],"about":[{"href":"https:\/\/ddrnv.org\/index.php\/wp-json\/wp\/v2\/types\/page"}],"author":[{"embeddable":true,"href":"https:\/\/ddrnv.org\/index.php\/wp-json\/wp\/v2\/users\/1"}],"replies":[{"embeddable":true,"href":"https:\/\/ddrnv.org\/index.php\/wp-json\/wp\/v2\/comments?post=536"}],"version-history":[{"count":54,"href":"https:\/\/ddrnv.org\/index.php\/wp-json\/wp\/v2\/pages\/536\/revisions"}],"predecessor-version":[{"id":732,"href":"https:\/\/ddrnv.org\/index.php\/wp-json\/wp\/v2\/pages\/536\/revisions\/732"}],"wp:attachment":[{"href":"https:\/\/ddrnv.org\/index.php\/wp-json\/wp\/v2\/media?parent=536"}],"curies":[{"name":"wp","href":"https:\/\/api.w.org\/{rel}","templated":true}]}}