{"id":535,"date":"2023-03-08T11:18:06","date_gmt":"2023-03-08T09:18:06","guid":{"rendered":"https:\/\/ddrnv.rasia.xyz\/index.php\/about-us\/"},"modified":"2023-09-15T14:35:12","modified_gmt":"2023-09-15T11:35:12","slug":"meista","status":"publish","type":"page","link":"https:\/\/ddrnv.org\/index.php\/meista\/","title":{"rendered":"Meist\u00e4"},"content":{"rendered":"\t\t<div data-elementor-type=\"wp-page\" data-elementor-id=\"535\" class=\"elementor elementor-535\">\n\t\t\t\t\t\t\t\t\t<section class=\"elementor-section elementor-top-section elementor-element elementor-element-c413143 elementor-section-full_width elementor-section-height-default elementor-section-height-default\" data-id=\"c413143\" data-element_type=\"section\">\n\t\t\t\t\t\t<div class=\"elementor-container elementor-column-gap-no\">\n\t\t\t\t\t<div class=\"elementor-column elementor-col-100 elementor-top-column elementor-element elementor-element-be89dca\" data-id=\"be89dca\" data-element_type=\"column\">\n\t\t\t<div class=\"elementor-widget-wrap elementor-element-populated\">\n\t\t\t\t\t\t\t\t<section class=\"elementor-section elementor-inner-section elementor-element elementor-element-64788e3 elementor-section-full_width elementor-section-height-default elementor-section-height-default\" data-id=\"64788e3\" data-element_type=\"section\">\n\t\t\t\t\t\t<div class=\"elementor-container elementor-column-gap-no\">\n\t\t\t\t\t<div class=\"elementor-column elementor-col-100 elementor-inner-column elementor-element elementor-element-bd3908c\" data-id=\"bd3908c\" data-element_type=\"column\">\n\t\t\t<div class=\"elementor-widget-wrap elementor-element-populated\">\n\t\t\t\t\t\t\t\t<div class=\"elementor-element elementor-element-aed618e elementor-widget elementor-widget-heading\" data-id=\"aed618e\" data-element_type=\"widget\" data-widget_type=\"heading.default\">\n\t\t\t\t<div class=\"elementor-widget-container\">\n\t\t\t<style>\/*! elementor - v3.13.3 - 28-05-2023 *\/\n.elementor-heading-title{padding:0;margin:0;line-height:1}.elementor-widget-heading .elementor-heading-title[class*=elementor-size-]>a{color:inherit;font-size:inherit;line-height:inherit}.elementor-widget-heading .elementor-heading-title.elementor-size-small{font-size:15px}.elementor-widget-heading .elementor-heading-title.elementor-size-medium{font-size:19px}.elementor-widget-heading .elementor-heading-title.elementor-size-large{font-size:29px}.elementor-widget-heading .elementor-heading-title.elementor-size-xl{font-size:39px}.elementor-widget-heading .elementor-heading-title.elementor-size-xxl{font-size:59px}<\/style><h1 class=\"elementor-heading-title elementor-size-default\">Kyykk\u00e4\u00e4, pilsua ja kavereita<\/h1>\t\t<\/div>\n\t\t\t\t<\/div>\n\t\t\t\t<div class=\"elementor-element elementor-element-3678a5f elementor-widget elementor-widget-heading\" data-id=\"3678a5f\" data-element_type=\"widget\" data-widget_type=\"heading.default\">\n\t\t\t\t<div class=\"elementor-widget-container\">\n\t\t\t<h5 class=\"elementor-heading-title elementor-size-default\">Elinik\u00e4isi\u00e4 yst\u00e4vyyssuhteita. Voit bongata meid\u00e4t mm. kyykk\u00e4- ja opiskelijatapahtumista. Tunnistat meid\u00e4t ultramariinin sinisist\u00e4 pelipaidoista!<\/h5>\t\t<\/div>\n\t\t\t\t<\/div>\n\t\t\t\t\t<\/div>\n\t\t<\/div>\n\t\t\t\t\t\t\t<\/div>\n\t\t<\/section>\n\t\t\t\t<section class=\"elementor-section elementor-inner-section elementor-element elementor-element-5902bc9 elementor-section-full_width elementor-section-height-default elementor-section-height-default\" data-id=\"5902bc9\" data-element_type=\"section\">\n\t\t\t\t\t\t<div class=\"elementor-container elementor-column-gap-no\">\n\t\t\t\t\t<div class=\"elementor-column elementor-col-100 elementor-inner-column elementor-element elementor-element-6889545\" data-id=\"6889545\" data-element_type=\"column\">\n\t\t\t<div class=\"elementor-widget-wrap elementor-element-populated\">\n\t\t\t\t\t\t\t\t<div class=\"elementor-element elementor-element-2afd628 elementor-widget elementor-widget-image\" data-id=\"2afd628\" data-element_type=\"widget\" data-widget_type=\"image.default\">\n\t\t\t\t<div class=\"elementor-widget-container\">\n\t\t\t<style>\/*! elementor - v3.13.3 - 28-05-2023 *\/\n.elementor-widget-image{text-align:center}.elementor-widget-image a{display:inline-block}.elementor-widget-image a img[src$=\".svg\"]{width:48px}.elementor-widget-image img{vertical-align:middle;display:inline-block}<\/style>\t\t\t\t\t\t\t\t\t\t\t\t<img loading=\"lazy\" decoding=\"async\" width=\"720\" height=\"649\" src=\"https:\/\/ddrnv.org\/wp-content\/uploads\/2023\/06\/ddrnv1.jpg\" class=\"attachment-large size-large wp-image-552\" alt=\"\" srcset=\"https:\/\/ddrnv.org\/wp-content\/uploads\/2023\/06\/ddrnv1.jpg 720w, https:\/\/ddrnv.org\/wp-content\/uploads\/2023\/06\/ddrnv1-300x270.jpg 300w\" sizes=\"auto, (max-width: 720px) 100vw, 720px\" \/>\t\t\t\t\t\t\t\t\t\t\t\t\t\t\t<\/div>\n\t\t\t\t<\/div>\n\t\t\t\t\t<\/div>\n\t\t<\/div>\n\t\t\t\t\t\t\t<\/div>\n\t\t<\/section>\n\t\t\t\t<section class=\"elementor-section elementor-inner-section elementor-element elementor-element-7336b54 elementor-section-full_width elementor-section-height-default elementor-section-height-default\" data-id=\"7336b54\" data-element_type=\"section\">\n\t\t\t\t\t\t<div class=\"elementor-container elementor-column-gap-no\">\n\t\t\t\t\t<div class=\"elementor-column elementor-col-50 elementor-inner-column elementor-element elementor-element-f221b83\" data-id=\"f221b83\" data-element_type=\"column\">\n\t\t\t<div class=\"elementor-widget-wrap elementor-element-populated\">\n\t\t\t\t\t\t\t\t<div class=\"elementor-element elementor-element-613961c elementor-widget elementor-widget-heading\" data-id=\"613961c\" data-element_type=\"widget\" data-widget_type=\"heading.default\">\n\t\t\t\t<div class=\"elementor-widget-container\">\n\t\t\t<h3 class=\"elementor-heading-title elementor-size-default\">Historia<\/h3>\t\t<\/div>\n\t\t\t\t<\/div>\n\t\t\t\t\t<\/div>\n\t\t<\/div>\n\t\t\t\t<div class=\"elementor-column elementor-col-50 elementor-inner-column elementor-element elementor-element-0f77f33\" data-id=\"0f77f33\" data-element_type=\"column\">\n\t\t\t<div class=\"elementor-widget-wrap elementor-element-populated\">\n\t\t\t\t\t\t\t\t<div class=\"elementor-element elementor-element-9a11a3e elementor-position-top elementor-vertical-align-top elementor-widget elementor-widget-image-box\" data-id=\"9a11a3e\" data-element_type=\"widget\" data-widget_type=\"image-box.default\">\n\t\t\t\t<div class=\"elementor-widget-container\">\n\t\t\t<style>\/*! elementor - v3.13.3 - 28-05-2023 *\/\n.elementor-widget-image-box .elementor-image-box-content{width:100%}@media (min-width:768px){.elementor-widget-image-box.elementor-position-left .elementor-image-box-wrapper,.elementor-widget-image-box.elementor-position-right .elementor-image-box-wrapper{display:flex}.elementor-widget-image-box.elementor-position-right .elementor-image-box-wrapper{text-align:right;flex-direction:row-reverse}.elementor-widget-image-box.elementor-position-left .elementor-image-box-wrapper{text-align:left;flex-direction:row}.elementor-widget-image-box.elementor-position-top .elementor-image-box-img{margin:auto}.elementor-widget-image-box.elementor-vertical-align-top .elementor-image-box-wrapper{align-items:flex-start}.elementor-widget-image-box.elementor-vertical-align-middle .elementor-image-box-wrapper{align-items:center}.elementor-widget-image-box.elementor-vertical-align-bottom .elementor-image-box-wrapper{align-items:flex-end}}@media (max-width:767px){.elementor-widget-image-box .elementor-image-box-img{margin-left:auto!important;margin-right:auto!important;margin-bottom:15px}}.elementor-widget-image-box .elementor-image-box-img{display:inline-block}.elementor-widget-image-box .elementor-image-box-title a{color:inherit}.elementor-widget-image-box .elementor-image-box-wrapper{text-align:center}.elementor-widget-image-box .elementor-image-box-description{margin:0}<\/style><div class=\"elementor-image-box-wrapper\"><div class=\"elementor-image-box-content\"><h3 class=\"elementor-image-box-title\"><a href=\"#\">\"Ai ne naisvoimistelijat\"<\/a><\/h3><\/div><\/div>\t\t<\/div>\n\t\t\t\t<\/div>\n\t\t\t\t<div class=\"elementor-element elementor-element-85ad5a2 elementor-widget elementor-widget-text-editor\" data-id=\"85ad5a2\" data-element_type=\"widget\" data-widget_type=\"text-editor.default\">\n\t\t\t\t<div class=\"elementor-widget-container\">\n\t\t\t<style>\/*! elementor - v3.13.3 - 28-05-2023 *\/\n.elementor-widget-text-editor.elementor-drop-cap-view-stacked .elementor-drop-cap{background-color:#69727d;color:#fff}.elementor-widget-text-editor.elementor-drop-cap-view-framed .elementor-drop-cap{color:#69727d;border:3px solid;background-color:transparent}.elementor-widget-text-editor:not(.elementor-drop-cap-view-default) .elementor-drop-cap{margin-top:8px}.elementor-widget-text-editor:not(.elementor-drop-cap-view-default) .elementor-drop-cap-letter{width:1em;height:1em}.elementor-widget-text-editor .elementor-drop-cap{float:left;text-align:center;line-height:1;font-size:50px}.elementor-widget-text-editor .elementor-drop-cap-letter{display:inline-block}<\/style>\t\t\t\t<p>J\u00e4rjest\u00f6mme on perustettu olutravintola Konttorissa 2000. Perustajaj\u00e4senemme miettiv\u00e4t sopivaa nime\u00e4 kyykk\u00e4joukkueelle Akateemisen MM-kyyk\u00e4n turnaukseen ja jostain tuli keksitty\u00e4 &#8220;DDR:n naisvoimistelijat&#8221;. My\u00f6hemmin kaveriporukka p\u00e4\u00e4tti rekister\u00f6ity\u00e4 j\u00e4rjest\u00f6ksi ja loppu onkin historiaa&#8230;<\/p>\t\t\t\t\t\t<\/div>\n\t\t\t\t<\/div>\n\t\t\t\t\t<\/div>\n\t\t<\/div>\n\t\t\t\t\t\t\t<\/div>\n\t\t<\/section>\n\t\t\t\t<section class=\"elementor-section elementor-inner-section elementor-element elementor-element-9dfb4f3 elementor-section-full_width elementor-section-height-default elementor-section-height-default\" data-id=\"9dfb4f3\" data-element_type=\"section\">\n\t\t\t\t\t\t<div class=\"elementor-container elementor-column-gap-no\">\n\t\t\t\t\t<div class=\"elementor-column elementor-col-50 elementor-inner-column elementor-element elementor-element-aea34d2\" data-id=\"aea34d2\" data-element_type=\"column\">\n\t\t\t<div class=\"elementor-widget-wrap elementor-element-populated\">\n\t\t\t\t\t\t\t\t<div class=\"elementor-element elementor-element-adca613 elementor-widget elementor-widget-heading\" data-id=\"adca613\" data-element_type=\"widget\" data-widget_type=\"heading.default\">\n\t\t\t\t<div class=\"elementor-widget-container\">\n\t\t\t<h3 class=\"elementor-heading-title elementor-size-default\">Kyykk\u00e4<\/h3>\t\t<\/div>\n\t\t\t\t<\/div>\n\t\t\t\t\t<\/div>\n\t\t<\/div>\n\t\t\t\t<div class=\"elementor-column elementor-col-50 elementor-inner-column elementor-element elementor-element-706766e\" data-id=\"706766e\" data-element_type=\"column\">\n\t\t\t<div class=\"elementor-widget-wrap elementor-element-populated\">\n\t\t\t\t\t\t\t\t<div class=\"elementor-element elementor-element-7fcf1de elementor-position-top elementor-vertical-align-top elementor-widget elementor-widget-image-box\" data-id=\"7fcf1de\" data-element_type=\"widget\" data-widget_type=\"image-box.default\">\n\t\t\t\t<div class=\"elementor-widget-container\">\n\t\t\t<div class=\"elementor-image-box-wrapper\"><div class=\"elementor-image-box-content\"><h3 class=\"elementor-image-box-title\"><a href=\"#\">\"Akateemisia turnauksia ja hassuttelua\"<\/a><\/h3><\/div><\/div>\t\t<\/div>\n\t\t\t\t<\/div>\n\t\t\t\t<div class=\"elementor-element elementor-element-9168932 elementor-widget elementor-widget-text-editor\" data-id=\"9168932\" data-element_type=\"widget\" data-widget_type=\"text-editor.default\">\n\t\t\t\t<div class=\"elementor-widget-container\">\n\t\t\t\t\t\t\t<p>Osallistumme aktiivisesti akateemisiin turnauksiin ja Tampereen kyykk\u00e4liigaan. Seuralla l\u00f6ytyy useampia mitaleja vuosien varrelta, joista viimeisin on Akateemisen MM-kyyk\u00e4n pronssi prosarjasta vuodelta 2022.<\/p><p>Olemme useampana vuonna j\u00e4rjest\u00e4neet (tai olleet mukana j\u00e4rjest\u00e4m\u00e4ss\u00e4) Kes\u00e4hauki -kyykk\u00e4turnauksen, joka on kes\u00e4n ainoa kansallinen akateeminen joukkueturnaus. Lis\u00e4ksi j\u00e4rjest\u00e4mme opiskelijoiden ainej\u00e4rjest\u00f6ille kyykk\u00e4treenej\u00e4 sek\u00e4 tuomaroimme turnauksissa.<\/p>\t\t\t\t\t\t<\/div>\n\t\t\t\t<\/div>\n\t\t\t\t\t<\/div>\n\t\t<\/div>\n\t\t\t\t\t\t\t<\/div>\n\t\t<\/section>\n\t\t\t\t<section class=\"elementor-section elementor-inner-section elementor-element elementor-element-da6d23a elementor-section-full_width elementor-section-height-default elementor-section-height-default\" data-id=\"da6d23a\" data-element_type=\"section\">\n\t\t\t\t\t\t<div class=\"elementor-container elementor-column-gap-no\">\n\t\t\t\t\t<div class=\"elementor-column elementor-col-50 elementor-inner-column elementor-element elementor-element-9648c81\" data-id=\"9648c81\" data-element_type=\"column\">\n\t\t\t<div class=\"elementor-widget-wrap elementor-element-populated\">\n\t\t\t\t\t\t\t\t<div class=\"elementor-element elementor-element-03bed49 elementor-widget elementor-widget-heading\" data-id=\"03bed49\" data-element_type=\"widget\" data-widget_type=\"heading.default\">\n\t\t\t\t<div class=\"elementor-widget-container\">\n\t\t\t<h3 class=\"elementor-heading-title elementor-size-default\">J\u00e4senillat<\/h3>\t\t<\/div>\n\t\t\t\t<\/div>\n\t\t\t\t\t<\/div>\n\t\t<\/div>\n\t\t\t\t<div class=\"elementor-column elementor-col-50 elementor-inner-column elementor-element elementor-element-3189bf4\" data-id=\"3189bf4\" data-element_type=\"column\">\n\t\t\t<div class=\"elementor-widget-wrap elementor-element-populated\">\n\t\t\t\t\t\t\t\t<div class=\"elementor-element elementor-element-b482850 elementor-position-top elementor-vertical-align-top elementor-widget elementor-widget-image-box\" data-id=\"b482850\" data-element_type=\"widget\" data-widget_type=\"image-box.default\">\n\t\t\t\t<div class=\"elementor-widget-container\">\n\t\t\t<div class=\"elementor-image-box-wrapper\"><div class=\"elementor-image-box-content\"><h3 class=\"elementor-image-box-title\"><a href=\"#\">\"Pilsuk\u00e4nnej\u00e4 ja muuta\"<\/a><\/h3><\/div><\/div>\t\t<\/div>\n\t\t\t\t<\/div>\n\t\t\t\t<div class=\"elementor-element elementor-element-7a8dcdf elementor-widget elementor-widget-text-editor\" data-id=\"7a8dcdf\" data-element_type=\"widget\" data-widget_type=\"text-editor.default\">\n\t\t\t\t<div class=\"elementor-widget-container\">\n\t\t\t\t\t\t\t<p>Pilsuk\u00e4nnit ovat vanha perinteinen DDRNV:n tapahtuma. Tapahtuman idea on selvitt\u00e4\u00e4 kuinka hyvin pilsulla (ykk\u00f6skaljalla) voi humaltua. Testin lopputuloksesta emme ole viel\u00e4k\u00e4\u00e4n varmoja, joten vanhaa j\u00e4seniltaa jatketaan edelleen satunnaisesti.<\/p><p>Pyrimme kerran vuodessa j\u00e4rjest\u00e4m\u00e4\u00e4n baarikierrostapahtuman ja kes\u00e4ll\u00e4 oman kyykk\u00e4turnauksen. Muita perinteisi\u00e4 tapahtumia ovat kes\u00e4juhlat sek\u00e4 pikkujoulut. Kerran viidess\u00e4 vuodessa j\u00e4rjestett\u00e4v\u00e4t vuosijuhlat ovat naisvoimisteijoiden odotetuin tapahtuma, jossa p\u00e4\u00e4semme juhlistamaan yhteistaivalta.\u00a0<\/p>\t\t\t\t\t\t<\/div>\n\t\t\t\t<\/div>\n\t\t\t\t\t<\/div>\n\t\t<\/div>\n\t\t\t\t\t\t\t<\/div>\n\t\t<\/section>\n\t\t\t\t<section class=\"elementor-section elementor-inner-section elementor-element elementor-element-7b6885c elementor-section-full_width elementor-section-height-default elementor-section-height-default\" data-id=\"7b6885c\" data-element_type=\"section\">\n\t\t\t\t\t\t<div class=\"elementor-container elementor-column-gap-no\">\n\t\t\t\t\t<div class=\"elementor-column elementor-col-50 elementor-inner-column elementor-element elementor-element-aaeb646\" data-id=\"aaeb646\" data-element_type=\"column\">\n\t\t\t<div class=\"elementor-widget-wrap elementor-element-populated\">\n\t\t\t\t\t\t\t\t<div class=\"elementor-element elementor-element-e19d5e6 elementor-widget elementor-widget-heading\" data-id=\"e19d5e6\" data-element_type=\"widget\" data-widget_type=\"heading.default\">\n\t\t\t\t<div class=\"elementor-widget-container\">\n\t\t\t<h3 class=\"elementor-heading-title elementor-size-default\">Yst\u00e4vi\u00e4<\/h3>\t\t<\/div>\n\t\t\t\t<\/div>\n\t\t\t\t\t<\/div>\n\t\t<\/div>\n\t\t\t\t<div class=\"elementor-column elementor-col-50 elementor-inner-column elementor-element elementor-element-d9e1012\" data-id=\"d9e1012\" data-element_type=\"column\">\n\t\t\t<div class=\"elementor-widget-wrap elementor-element-populated\">\n\t\t\t\t\t\t\t\t<div class=\"elementor-element elementor-element-e314b9b elementor-position-top elementor-vertical-align-top elementor-widget elementor-widget-image-box\" data-id=\"e314b9b\" data-element_type=\"widget\" data-widget_type=\"image-box.default\">\n\t\t\t\t<div class=\"elementor-widget-container\">\n\t\t\t<div class=\"elementor-image-box-wrapper\"><div class=\"elementor-image-box-content\"><h3 class=\"elementor-image-box-title\"><a href=\"#\">\"Ihan ok porukka\"<\/a><\/h3><\/div><\/div>\t\t<\/div>\n\t\t\t\t<\/div>\n\t\t\t\t<div class=\"elementor-element elementor-element-5ab662c elementor-widget elementor-widget-text-editor\" data-id=\"5ab662c\" data-element_type=\"widget\" data-widget_type=\"text-editor.default\">\n\t\t\t\t<div class=\"elementor-widget-container\">\n\t\t\t\t\t\t\t<p>Toimintamme on tiivist\u00e4 ja haluamme, ett\u00e4 jokainen j\u00e4senemme kokee j\u00e4rjest\u00f6mme hyv\u00e4ksi kaveriporukaksi. Osalle j\u00e4senist\u00e4 porukasta on tullut kuin toinen perhe. Virallisten j\u00e4seniltojen lis\u00e4ksi j\u00e4rjest\u00e4mme my\u00f6s erin\u00e4isi\u00e4 reissuja sek\u00e4 illanviettoja. Vakio illanviettopaikkanamme toimii Ravintola <a href=\"https:\/\/www.tentti.fi\/\">Tentti<\/a>, joka on my\u00f6s sponsorimme.<\/p>\t\t\t\t\t\t<\/div>\n\t\t\t\t<\/div>\n\t\t\t\t\t<\/div>\n\t\t<\/div>\n\t\t\t\t\t\t\t<\/div>\n\t\t<\/section>\n\t\t\t\t\t<\/div>\n\t\t<\/div>\n\t\t\t\t\t\t\t<\/div>\n\t\t<\/section>\n\t\t\t\t\t\t\t<\/div>\n\t\t","protected":false},"excerpt":{"rendered":"<p>Kyykk\u00e4\u00e4, pilsua ja kavereita Elinik\u00e4isi\u00e4 yst\u00e4vyyssuhteita. Voit bongata meid\u00e4t mm. kyykk\u00e4- ja opiskelijatapahtumista. Tunnistat meid\u00e4t ultramariinin sinisist\u00e4 pelipaidoista! Historia &#8220;Ai ne naisvoimistelijat&#8221; J\u00e4rjest\u00f6mme on perustettu olutravintola Konttorissa 2000. Perustajaj\u00e4senemme miettiv\u00e4t sopivaa nime\u00e4 kyykk\u00e4joukkueelle Akateemisen MM-kyyk\u00e4n turnaukseen ja jostain tuli keksitty\u00e4 &#8220;DDR:n naisvoimistelijat&#8221;. My\u00f6hemmin kaveriporukka p\u00e4\u00e4tti rekister\u00f6ity\u00e4 j\u00e4rjest\u00f6ksi ja loppu onkin historiaa&#8230; Kyykk\u00e4 &#8220;Akateemisia turnauksia ja &hellip;<\/p>\n<p class=\"read-more\"> <a class=\"\" href=\"https:\/\/ddrnv.org\/index.php\/meista\/\"> <span class=\"screen-reader-text\">Meist\u00e4<\/span> Read More &raquo;<\/a><\/p>\n","protected":false},"author":1,"featured_media":0,"parent":0,"menu_order":0,"comment_status":"closed","ping_status":"closed","template":"","meta":{"site-sidebar-layout":"no-sidebar","site-content-layout":"page-builder","ast-global-header-display":"","ast-banner-title-visibility":"","ast-main-header-display":"","ast-hfb-above-header-display":"","ast-hfb-below-header-display":"","ast-hfb-mobile-header-display":"","site-post-title":"disabled","ast-breadcrumbs-content":"","ast-featured-img":"disabled","footer-sml-layout":"","theme-transparent-header-meta":"enabled","adv-header-id-meta":"","stick-header-meta":"","header-above-stick-meta":"","header-main-stick-meta":"","header-below-stick-meta":"","footnotes":""},"class_list":["post-535","page","type-page","status-publish","hentry"],"_links":{"self":[{"href":"https:\/\/ddrnv.org\/index.php\/wp-json\/wp\/v2\/pages\/535","targetHints":{"allow":["GET"]}}],"collection":[{"href":"https:\/\/ddrnv.org\/index.php\/wp-json\/wp\/v2\/pages"}],"about":[{"href":"https:\/\/ddrnv.org\/index.php\/wp-json\/wp\/v2\/types\/page"}],"author":[{"embeddable":true,"href":"https:\/\/ddrnv.org\/index.php\/wp-json\/wp\/v2\/users\/1"}],"replies":[{"embeddable":true,"href":"https:\/\/ddrnv.org\/index.php\/wp-json\/wp\/v2\/comments?post=535"}],"version-history":[{"count":35,"href":"https:\/\/ddrnv.org\/index.php\/wp-json\/wp\/v2\/pages\/535\/revisions"}],"predecessor-version":[{"id":716,"href":"https:\/\/ddrnv.org\/index.php\/wp-json\/wp\/v2\/pages\/535\/revisions\/716"}],"wp:attachment":[{"href":"https:\/\/ddrnv.org\/index.php\/wp-json\/wp\/v2\/media?parent=535"}],"curies":[{"name":"wp","href":"https:\/\/api.w.org\/{rel}","templated":true}]}}