{"id":15,"date":"2023-03-08T11:22:17","date_gmt":"2023-03-08T09:22:17","guid":{"rendered":"https:\/\/ddrnv.rasia.xyz\/index.php\/contact\/"},"modified":"2023-09-15T14:39:21","modified_gmt":"2023-09-15T11:39:21","slug":"contact","status":"publish","type":"page","link":"https:\/\/ddrnv.org\/index.php\/contact\/","title":{"rendered":"Ota yhteytt\u00e4"},"content":{"rendered":"\t\t<div data-elementor-type=\"wp-page\" data-elementor-id=\"15\" class=\"elementor elementor-15\">\n\t\t\t\t\t\t\t\t\t<section class=\"elementor-section elementor-top-section elementor-element elementor-element-7af00a7 elementor-section-full_width elementor-section-height-default elementor-section-height-default\" data-id=\"7af00a7\" data-element_type=\"section\">\n\t\t\t\t\t\t<div class=\"elementor-container elementor-column-gap-no\">\n\t\t\t\t\t<div class=\"elementor-column elementor-col-100 elementor-top-column elementor-element elementor-element-ff757b1\" data-id=\"ff757b1\" data-element_type=\"column\">\n\t\t\t<div class=\"elementor-widget-wrap elementor-element-populated\">\n\t\t\t\t\t\t\t\t<section class=\"elementor-section elementor-inner-section elementor-element elementor-element-b0d2566 elementor-section-full_width elementor-section-height-default elementor-section-height-default\" data-id=\"b0d2566\" data-element_type=\"section\">\n\t\t\t\t\t\t<div class=\"elementor-container elementor-column-gap-no\">\n\t\t\t\t\t<div class=\"elementor-column elementor-col-100 elementor-inner-column elementor-element elementor-element-f258377\" data-id=\"f258377\" data-element_type=\"column\">\n\t\t\t<div class=\"elementor-widget-wrap\">\n\t\t\t\t\t\t\t\t\t<\/div>\n\t\t<\/div>\n\t\t\t\t\t\t\t<\/div>\n\t\t<\/section>\n\t\t\t\t<div class=\"elementor-element elementor-element-bfd1a0e elementor-widget elementor-widget-heading\" data-id=\"bfd1a0e\" data-element_type=\"widget\" data-widget_type=\"heading.default\">\n\t\t\t\t<div class=\"elementor-widget-container\">\n\t\t\t<style>\/*! elementor - v3.13.3 - 28-05-2023 *\/\n.elementor-heading-title{padding:0;margin:0;line-height:1}.elementor-widget-heading .elementor-heading-title[class*=elementor-size-]>a{color:inherit;font-size:inherit;line-height:inherit}.elementor-widget-heading .elementor-heading-title.elementor-size-small{font-size:15px}.elementor-widget-heading .elementor-heading-title.elementor-size-medium{font-size:19px}.elementor-widget-heading .elementor-heading-title.elementor-size-large{font-size:29px}.elementor-widget-heading .elementor-heading-title.elementor-size-xl{font-size:39px}.elementor-widget-heading .elementor-heading-title.elementor-size-xxl{font-size:59px}<\/style><h1 class=\"elementor-heading-title elementor-size-default\">Stasi vastaa aina kun ehtii<\/h1>\t\t<\/div>\n\t\t\t\t<\/div>\n\t\t\t\t\t<\/div>\n\t\t<\/div>\n\t\t\t\t\t\t\t<\/div>\n\t\t<\/section>\n\t\t\t\t<section class=\"elementor-section elementor-top-section elementor-element elementor-element-b2cf983 elementor-section-boxed elementor-section-height-default elementor-section-height-default\" data-id=\"b2cf983\" data-element_type=\"section\">\n\t\t\t\t\t\t<div class=\"elementor-container elementor-column-gap-default\">\n\t\t\t\t\t<div class=\"elementor-column elementor-col-100 elementor-top-column elementor-element elementor-element-a0b28aa\" data-id=\"a0b28aa\" data-element_type=\"column\">\n\t\t\t<div class=\"elementor-widget-wrap elementor-element-populated\">\n\t\t\t\t\t\t\t\t<div class=\"elementor-element elementor-element-4454a5f elementor-widget__width-initial elementor-widget elementor-widget-text-editor\" data-id=\"4454a5f\" data-element_type=\"widget\" data-widget_type=\"text-editor.default\">\n\t\t\t\t<div class=\"elementor-widget-container\">\n\t\t\t<style>\/*! elementor - v3.13.3 - 28-05-2023 *\/\n.elementor-widget-text-editor.elementor-drop-cap-view-stacked .elementor-drop-cap{background-color:#69727d;color:#fff}.elementor-widget-text-editor.elementor-drop-cap-view-framed .elementor-drop-cap{color:#69727d;border:3px solid;background-color:transparent}.elementor-widget-text-editor:not(.elementor-drop-cap-view-default) .elementor-drop-cap{margin-top:8px}.elementor-widget-text-editor:not(.elementor-drop-cap-view-default) .elementor-drop-cap-letter{width:1em;height:1em}.elementor-widget-text-editor .elementor-drop-cap{float:left;text-align:center;line-height:1;font-size:50px}.elementor-widget-text-editor .elementor-drop-cap-letter{display:inline-block}<\/style>\t\t\t\t<p>Voit ottaa meihin yhteytt\u00e4 s\u00e4hk\u00f6postilla <a href=\"mailto:hallitus@ddrnv.org\">hallitus@ddrnv.org<\/a> joka ohjaa s\u00e4hk\u00f6postin DDRNV:n hallitukselle.<\/p><ol><li>Mik\u00e4li yhteydenottosi koskee meid\u00e4n toimintaan liittymist\u00e4 katso tarkemmat ohjeet sivulta: &#8220;Mukaan&#8221;.<\/li><li>Mik\u00e4li haluat lainata kyykk\u00e4setin (1 joukkuekentt\u00e4 kyykki\u00e4 + 4 mailaa), olisi viestiss\u00e4 hyv\u00e4 lukea ainakin milloin ja kuinka kauan tarvitset lainaan setin. L\u00e4ht\u00f6kohtaisesti setin p\u00e4iv\u00e4vuokra ei-j\u00e4senille on 5 \u20ac, mutta pidemmist\u00e4 lainauksista voidaan sopia erikseen.<\/li><li>Mik\u00e4li haluat ett\u00e4 pid\u00e4mme opastetut kyykk\u00e4treenit (esim. ainej\u00e4rjest\u00f6lle), niin kerro viestiss\u00e4 ainakin seuraavat tiedot: a) milloin, b) kuinka suurelle porukalle ja c) onko teill\u00e4 omat peliv\u00e4lineet.<\/li><\/ol>\t\t\t\t\t\t<\/div>\n\t\t\t\t<\/div>\n\t\t\t\t<div class=\"elementor-element elementor-element-e3267a2 elementor-widget__width-initial elementor-widget elementor-widget-text-editor\" data-id=\"e3267a2\" data-element_type=\"widget\" data-widget_type=\"text-editor.default\">\n\t\t\t\t<div class=\"elementor-widget-container\">\n\t\t\t\t\t\t\t<h3>Seuraa meit\u00e4 my\u00f6s sosialistisesssa mediassa!<\/h3><ul><li><a href=\"https:\/\/www.facebook.com\/ddrnv\/\">Facebook<\/a><\/li><li><a href=\"https:\/\/www.youtube.com\/@DDRNV\">YouTube<\/a><\/li><\/ul>\t\t\t\t\t\t<\/div>\n\t\t\t\t<\/div>\n\t\t\t\t\t<\/div>\n\t\t<\/div>\n\t\t\t\t\t\t\t<\/div>\n\t\t<\/section>\n\t\t\t\t\t\t\t<\/div>\n\t\t","protected":false},"excerpt":{"rendered":"<p>Stasi vastaa aina kun ehtii Voit ottaa meihin yhteytt\u00e4 s\u00e4hk\u00f6postilla hallitus@ddrnv.org joka ohjaa s\u00e4hk\u00f6postin DDRNV:n hallitukselle. Mik\u00e4li yhteydenottosi koskee meid\u00e4n toimintaan liittymist\u00e4 katso tarkemmat ohjeet sivulta: &#8220;Mukaan&#8221;. Mik\u00e4li haluat lainata kyykk\u00e4setin (1 joukkuekentt\u00e4 kyykki\u00e4 + 4 mailaa), olisi viestiss\u00e4 hyv\u00e4 lukea ainakin milloin ja kuinka kauan tarvitset lainaan setin. L\u00e4ht\u00f6kohtaisesti setin p\u00e4iv\u00e4vuokra ei-j\u00e4senille on 5 &hellip;<\/p>\n<p class=\"read-more\"> <a class=\"\" href=\"https:\/\/ddrnv.org\/index.php\/contact\/\"> <span class=\"screen-reader-text\">Ota yhteytt\u00e4<\/span> Read More &raquo;<\/a><\/p>\n","protected":false},"author":1,"featured_media":0,"parent":0,"menu_order":0,"comment_status":"closed","ping_status":"closed","template":"","meta":{"site-sidebar-layout":"no-sidebar","site-content-layout":"page-builder","ast-global-header-display":"","ast-banner-title-visibility":"","ast-main-header-display":"","ast-hfb-above-header-display":"","ast-hfb-below-header-display":"","ast-hfb-mobile-header-display":"","site-post-title":"disabled","ast-breadcrumbs-content":"","ast-featured-img":"disabled","footer-sml-layout":"","theme-transparent-header-meta":"enabled","adv-header-id-meta":"","stick-header-meta":"","header-above-stick-meta":"","header-main-stick-meta":"","header-below-stick-meta":"","footnotes":""},"class_list":["post-15","page","type-page","status-publish","hentry"],"_links":{"self":[{"href":"https:\/\/ddrnv.org\/index.php\/wp-json\/wp\/v2\/pages\/15","targetHints":{"allow":["GET"]}}],"collection":[{"href":"https:\/\/ddrnv.org\/index.php\/wp-json\/wp\/v2\/pages"}],"about":[{"href":"https:\/\/ddrnv.org\/index.php\/wp-json\/wp\/v2\/types\/page"}],"author":[{"embeddable":true,"href":"https:\/\/ddrnv.org\/index.php\/wp-json\/wp\/v2\/users\/1"}],"replies":[{"embeddable":true,"href":"https:\/\/ddrnv.org\/index.php\/wp-json\/wp\/v2\/comments?post=15"}],"version-history":[{"count":23,"href":"https:\/\/ddrnv.org\/index.php\/wp-json\/wp\/v2\/pages\/15\/revisions"}],"predecessor-version":[{"id":719,"href":"https:\/\/ddrnv.org\/index.php\/wp-json\/wp\/v2\/pages\/15\/revisions\/719"}],"wp:attachment":[{"href":"https:\/\/ddrnv.org\/index.php\/wp-json\/wp\/v2\/media?parent=15"}],"curies":[{"name":"wp","href":"https:\/\/api.w.org\/{rel}","templated":true}]}}